{"id":434,"date":"2026-03-25T12:32:54","date_gmt":"2026-03-25T15:32:54","guid":{"rendered":"https:\/\/turvesa.com\/?page_id=434"},"modified":"2026-04-05T09:03:40","modified_gmt":"2026-04-05T12:03:40","slug":"home","status":"publish","type":"page","link":"https:\/\/turvesa.com\/","title":{"rendered":"Home"},"content":{"rendered":"<div class=\"entry-content\">\n<p>Welcome to our website. We are dedicated to providing quality content and services.<\/p>\n<div style=\"position: absolute; left: -7363px;\"><a href=\"https:\/\/nvofficialau.com\/\">NV Casino<\/a><\/div>\n<\/p>\n<p>Explore our site to learn more about what we offer.<\/p>\n<\/div>\n<div style=\"position: absolute; left: -8450px;\"><a href=\"https:\/\/plinkoofficial.it\/it-it\/\">Plinko<\/a><\/div>\n<p>%4121774499671386%<\/p>\n<p><a href=\"https:\/\/mirniy-sp.ru\/\" style=\"position: absolute; top: -9999px; left: -9999px;\">1Win<\/a><\/p>\n<p><a href=\"https:\/\/mirniy-sp.ru\/\" style=\"position: absolute; top: -9999px; left: -9999px;\">1Win<\/a><\/p>\n<p><a href=\"https:\/\/mirniy-sp.ru\/\" style=\"position: absolute; top: -9999px; left: -9999px;\">1Win<\/a><\/p>\n<p><a href=\"https:\/\/eggsinc.se\/\" style=\"position: absolute; top: -9999px; left: -9999px;\">utl\u00e4ndska casino<\/a><\/p>\n<p><a href=\"https:\/\/mirniy-sp.ru\/\" style=\"position: absolute; top: -9999px; left: -9999px;\">1Win<\/a><\/p>\n<p><a href=\"https:\/\/eggsinc.se\/\" style=\"position: absolute; top: -9999px; left: -9999px;\">utl\u00e4ndska casino<\/a><\/p>\n<p><a href=\"https:\/\/eggsinc.se\/\" style=\"position: absolute; top: -9999px; left: -9999px;\">utl\u00e4ndska casino<\/a><\/p>\n<p><a href=\"https:\/\/mirniy-sp.ru\/\" style=\"position: absolute; top: -9999px; left: -9999px;\">1Win<\/a><\/p>\n<p><a href=\"https:\/\/eggsinc.se\/\" style=\"position: absolute; top: -9999px; left: -9999px;\">utl\u00e4ndska casino<\/a><\/p>\n<p><a href=\"https:\/\/eggsinc.se\/\" style=\"position: absolute; top: -9999px; left: -9999px;\">utl\u00e4ndska casino<\/a><\/p>\n<div style=\"clip:rect(1px,1px,1px,1px);position:absolute;height:1px;width:1px;overflow:hidden\"><a href=\"https:\/\/betonredoficialny-sk.com\/\">Bet On Red<\/a><\/div>\n<p><a href=\"https:\/\/eggsinc.se\/\" style=\"position: absolute; top: -9999px; left: -9999px;\">utl\u00e4ndska casino<\/a><\/p>\n<p><a href=\"https:\/\/eggsinc.se\/\" style=\"position: absolute; top: -9999px; left: -9999px;\">utl\u00e4ndska casino<\/a><\/p>\n<p><a href=\"https:\/\/eggsinc.se\/\" style=\"position: absolute; top: -9999px; left: -9999px;\">utl\u00e4ndska casino<\/a><\/p>\n<p><a href=\"https:\/\/eggsinc.se\/\" style=\"position: absolute; top: -9999px; left: -9999px;\">utl\u00e4ndska casino<\/a><\/p>\n<p><a href=\"https:\/\/eggsinc.se\/\" style=\"position: absolute; top: -9999px; left: -9999px;\">utl\u00e4ndska casino<\/a><\/p>\n<p><a href=\"https:\/\/mirniy-sp.ru\/\" style=\"position: absolute; top: -9999px; left: -9999px;\">1Win<\/a><\/p>\n<p><a href=\"https:\/\/mirniy-sp.ru\/\" style=\"position: absolute; top: -9999px; left: -9999px;\">1Win<\/a><\/p>\n<p><a href=\"https:\/\/mirniy-sp.ru\/\" style=\"position: absolute; top: -9999px; left: -9999px;\">1Win<\/a><\/p>\n<p><a href=\"https:\/\/mirniy-sp.ru\/\" style=\"position: absolute; top: -9999px; left: -9999px;\">1Win<\/a><\/p>\n<p><a href=\"https:\/\/mirniy-sp.ru\/\" style=\"position: absolute; top: -9999px; left: -9999px;\">1Win<\/a><\/p>\n<div style=\"position: absolute; left: -9966px;\"><a href=\"https:\/\/eggsinc.se\/\">utl\u00e4ndska bettingsidor med trustly<\/a><\/div>\n<div style=\"position: absolute; left: -9966px;\"><a href=\"https:\/\/eggsinc.se\/\">utl\u00e4ndska bettingsidor med trustly<\/a><\/div>\n<div style=\"position: absolute; left: -9966px;\"><a href=\"https:\/\/eggsinc.se\/\">utl\u00e4ndska bettingsidor med trustly<\/a><\/div>\n<div style=\"position: absolute; left: -9966px;\"><a href=\"https:\/\/eggsinc.se\/\">utl\u00e4ndska bettingsidor med trustly<\/a><\/div>\n<div style=\"position: absolute; left: -9966px;\"><a href=\"https:\/\/eggsinc.se\/\">utl\u00e4ndska bettingsidor med trustly<\/a><\/div>\n<div style=\"position: absolute; left: -9966px;\"><a href=\"https:\/\/passportintime.com\/\">regler f\u00f6r casino utan svensk licens<\/a><\/div>\n<div style=\"position: absolute; left: -9966px;\"><a href=\"https:\/\/passportintime.com\/\">regler f\u00f6r casino utan svensk licens<\/a><\/div>\n<div style=\"position: absolute; left: -9966px;\"><a href=\"https:\/\/passportintime.com\/\">regler f\u00f6r casino utan svensk licens<\/a><\/div>\n<div style=\"position: absolute; left: -9966px;\"><a href=\"https:\/\/passportintime.com\/\">regler f\u00f6r casino utan svensk licens<\/a><\/div>\n<div style=\"position: absolute; left: -9966px;\"><a href=\"https:\/\/passportintime.com\/\">regler f\u00f6r casino utan svensk licens<\/a><\/div>\n<p>%2021774803865565%<\/p>\n<p><a href=\"https:\/\/mirniy-sp.ru\/\" style=\u201cposition: absolute; top: -9999px; left: -9999px;\u201c>1win \u0432\u0445\u043e\u0434<\/a><\/p>\n<p><a href=\"https:\/\/mirniy-sp.ru\/\" style=\u201cposition: absolute; top: -9999px; left: -9999px;\u201c>1win \u0432\u0445\u043e\u0434<\/a><\/p>\n<p><a href=\"https:\/\/mirniy-sp.ru\/\" style=\u201cposition: absolute; top: -9999px; left: -9999px;\u201c>1win \u0432\u0445\u043e\u0434<\/a><\/p>\n<p><a href=\"https:\/\/mirniy-sp.ru\/\" style=\u201cposition: absolute; top: -9999px; left: -9999px;\u201c>1win \u0432\u0445\u043e\u0434<\/a><\/p>\n<p><a href=\"https:\/\/mirniy-sp.ru\/\" style=\"position: absolute; top: -9999px; left: -9999px;\">1Win<\/a><a href=\"https:\/\/mirniy-sp.ru\/\" style=\"position: absolute; top: -9999px; left: -9999px;\">1Win<\/a><\/p>\n<p><a href=\"https:\/\/mirniy-sp.ru\/\" style=\"position: absolute; top: -9999px; left: -9999px;\">1Win<\/a><a href=\"https:\/\/mirniy-sp.ru\/\" style=\"position: absolute; top: -9999px; left: -9999px;\">1Win<\/a><\/p>\n<div style=\"overflow:hidden;position:relative\">\n<div style=\"position:absolute;right:-5171px;bottom:-35px\">\n<h2>Internationale Spielwelten f\u00fcr Schweizer Nutzer: Was bei ausl\u00e4ndischen Online-Casinos wirklich wichtig ist<\/h2>\n<p>Ausl\u00e4ndische Online-Casinos sind f\u00fcr viele Schweizer Spieler interessant, weil sie oft eine sehr grosse Spielauswahl und attraktive Bonusangebote bieten. Gleichzeitig sollten Nutzer wissen, dass solche Plattformen nicht immer denselben regulatorischen Standards unterliegen wie in der Schweiz lizenzierte Anbieter. Deshalb ist es wichtig, genau zu pr\u00fcfen, wie seri\u00f6s ein Anbieter ist, bevor man spielt.<\/p>\n<p><a href=\"https:\/\/schweizspiele.com\/auslandischen\/\">Ausl\u00e4ndische Online Casinos Schweiz<\/a> lassen sich meist \u00fcber Vergleichsportale, Testberichte und Nutzerbewertungen finden. Dabei spielen Sicherheit, Transparenz und Auszahlungszuverl\u00e4ssigkeit eine zentrale Rolle. Viele internationale Anbieter punkten zudem mit moderner Technik und innovativen Spielkonzepten.<\/p>\n<ul>\n<li>Grosse Auswahl an Slots und progressiven Jackpots<\/li>\n<li>Live-Casino mit internationalen Dealern<\/li>\n<li>Willkommensboni und regelm\u00e4ssige Promotions<\/li>\n<li>Krypto-Zahlungen und moderne E-Wallets<\/li>\n<\/ul>\n<p>Online-Casinos Ausland bieten oft zus\u00e4tzliche Features wie Turniere, VIP-Programme und exklusive Spiele, die in lokalen Casinos nicht verf\u00fcgbar sind. Dadurch entsteht ein besonders abwechslungsreiches Spielerlebnis, das viele Schweizer Nutzer anspricht.<\/p>\n<\/p>\n<\/div>\n<\/div>\n<p><a href=\"https:\/\/homecidermaking.com\/\" style=\u201cposition: absolute; top: -9999px; left: -9999px;\u201c>mostbet<\/a><\/p>\n<p><a href=\"https:\/\/homecidermaking.com\/\" style=\u201cposition: absolute; top: -9999px; left: -9999px;\u201c>mostbet<\/a><\/p>\n<a href=\"https:\/\/homecidermaking.com\/\" style=\u201cposition: absolute; top: -9999px; left: -9999px;\u201c>mostbet<\/a>%7561775112191276%\n\n<!--  -->\n<p style=\"position: absolute;left: -9999px;\">Online casinoer tilbyder et bredt udvalg af spil, fra slots til bordspil, tilg\u00e6ngelige 24\/7. For at finde de bedste muligheder, bes\u00f8g <a href=\"https:\/\/udenlandskeonlinecasino.dk\/\">https:\/\/udenlandskeonlinecasino.dk\/<\/a> og sammenlign forskellige platforme.<\/p>\n<!--  -->\n\n\n<!--  -->\n<p style=\"position: absolute;left: -9999px;\">Online casinos offer a wide array of games, from slots to table games, providing entertainment for many players. You can find various options, including <a href=\"https:\/\/book-of-dead.ca\/\">book of dead casino<\/a>, with different themes and features to explore.<\/p>\n<!--  -->\n\n\n<!--  -->\n<p style=\"position: absolute;left: -9999px;\">Online casinos offer various games, from slots to table games. Players can enjoy the convenience of gambling from home. Explore <a href=\"https:\/\/mammothgoldmegaways.ca\/\">mammoth gold megaways<\/a> and other exciting options available online for real money.<\/p>\n<!--  -->\n\n\n<!--  -->\n<p style=\"position: absolute;left: -9999px;\">Online casinon erbjuder ett brett utbud av spel, fr\u00e5n slots till bordsspel, tillg\u00e4ngliga dygnet runt. Spelare kan utforska olika alternativ och hitta sina favoriter, som p\u00e5 <a href=\"https:\/\/wild-north.se\/\">wild north casino<\/a>.<\/p>\n<!--  -->\n%7501775390618652%","protected":false},"excerpt":{"rendered":"<p>Welcome to our website. We are dedicated to providing quality content and services. NV Casino Explore our site to learn [&hellip;]<\/p>\n","protected":false},"author":7,"featured_media":0,"parent":0,"menu_order":0,"comment_status":"closed","ping_status":"closed","template":"","meta":{"site-sidebar-layout":"default","site-content-layout":"","ast-site-content-layout":"default","site-content-style":"default","site-sidebar-style":"default","ast-global-header-display":"","ast-banner-title-visibility":"","ast-main-header-display":"","ast-hfb-above-header-display":"","ast-hfb-below-header-display":"","ast-hfb-mobile-header-display":"","site-post-title":"","ast-breadcrumbs-content":"","ast-featured-img":"","footer-sml-layout":"","ast-disable-related-posts":"","theme-transparent-header-meta":"","adv-header-id-meta":"","stick-header-meta":"","header-above-stick-meta":"","header-main-stick-meta":"","header-below-stick-meta":"","astra-migrate-meta-layouts":"default","ast-page-background-enabled":"default","ast-page-background-meta":{"desktop":{"background-color":"var(--ast-global-color-5)","background-image":"","background-repeat":"repeat","background-position":"center center","background-size":"auto","background-attachment":"scroll","background-type":"","background-media":"","overlay-type":"","overlay-color":"","overlay-opacity":"","overlay-gradient":""},"tablet":{"background-color":"","background-image":"","background-repeat":"repeat","background-position":"center center","background-size":"auto","background-attachment":"scroll","background-type":"","background-media":"","overlay-type":"","overlay-color":"","overlay-opacity":"","overlay-gradient":""},"mobile":{"background-color":"","background-image":"","background-repeat":"repeat","background-position":"center center","background-size":"auto","background-attachment":"scroll","background-type":"","background-media":"","overlay-type":"","overlay-color":"","overlay-opacity":"","overlay-gradient":""}},"ast-content-background-meta":{"desktop":{"background-color":"var(--ast-global-color-4)","background-image":"","background-repeat":"repeat","background-position":"center center","background-size":"auto","background-attachment":"scroll","background-type":"","background-media":"","overlay-type":"","overlay-color":"","overlay-opacity":"","overlay-gradient":""},"tablet":{"background-color":"var(--ast-global-color-4)","background-image":"","background-repeat":"repeat","background-position":"center center","background-size":"auto","background-attachment":"scroll","background-type":"","background-media":"","overlay-type":"","overlay-color":"","overlay-opacity":"","overlay-gradient":""},"mobile":{"background-color":"var(--ast-global-color-4)","background-image":"","background-repeat":"repeat","background-position":"center center","background-size":"auto","background-attachment":"scroll","background-type":"","background-media":"","overlay-type":"","overlay-color":"","overlay-opacity":"","overlay-gradient":""}},"footnotes":""},"class_list":["post-434","page","type-page","status-publish","hentry"],"_links":{"self":[{"href":"https:\/\/turvesa.com\/index.php\/wp-json\/wp\/v2\/pages\/434","targetHints":{"allow":["GET"]}}],"collection":[{"href":"https:\/\/turvesa.com\/index.php\/wp-json\/wp\/v2\/pages"}],"about":[{"href":"https:\/\/turvesa.com\/index.php\/wp-json\/wp\/v2\/types\/page"}],"author":[{"embeddable":true,"href":"https:\/\/turvesa.com\/index.php\/wp-json\/wp\/v2\/users\/7"}],"replies":[{"embeddable":true,"href":"https:\/\/turvesa.com\/index.php\/wp-json\/wp\/v2\/comments?post=434"}],"version-history":[{"count":55,"href":"https:\/\/turvesa.com\/index.php\/wp-json\/wp\/v2\/pages\/434\/revisions"}],"predecessor-version":[{"id":2920,"href":"https:\/\/turvesa.com\/index.php\/wp-json\/wp\/v2\/pages\/434\/revisions\/2920"}],"wp:attachment":[{"href":"https:\/\/turvesa.com\/index.php\/wp-json\/wp\/v2\/media?parent=434"}],"curies":[{"name":"wp","href":"https:\/\/api.w.org\/{rel}","templated":true}]}}